{"id":823,"date":"2024-10-16T17:14:27","date_gmt":"2024-10-16T17:14:27","guid":{"rendered":"https:\/\/bulletin.agricool.info\/?page_id=823"},"modified":"2024-10-17T16:42:58","modified_gmt":"2024-10-17T16:42:58","slug":"archives","status":"publish","type":"page","link":"https:\/\/bulletin.agricool.info\/en\/archives\/","title":{"rendered":"Archives"},"content":{"rendered":"<div data-elementor-type=\"wp-page\" data-elementor-id=\"823\" class=\"elementor elementor-823\">\n\t\t\t\t\t\t<section class=\"elementor-section elementor-top-section elementor-element elementor-element-vrpc8m8 elementor-section-content-middle elementor-section-boxed elementor-section-height-default elementor-section-height-default\" data-id=\"vrpc8m8\" data-element_type=\"section\" data-e-type=\"section\">\n\t\t\t\t\t\t<div class=\"elementor-container elementor-column-gap-no\">\n\t\t\t\t\t<div class=\"elementor-column elementor-col-50 elementor-top-column elementor-element elementor-element-3a05aee\" data-id=\"3a05aee\" data-element_type=\"column\" data-e-type=\"column\">\n\t\t\t<div class=\"elementor-widget-wrap elementor-element-populated\">\n\t\t\t\t\t\t<div class=\"elementor-element elementor-element-b1b4852 elementor-widget elementor-widget-obfx-posts-grid\" data-id=\"b1b4852\" data-element_type=\"widget\" data-e-type=\"widget\" data-widget_type=\"obfx-posts-grid.default\">\n\t\t\t\t<div class=\"elementor-widget-container\">\n\t\t\t\t\t<div class=\"obfx-grid\"><div class=\"obfx-grid-container obfx-grid-desktop-3\"><div class=\"obfx-grid-wrapper\"><article class=\"obfx-grid-col\"><div class=\"obfx-grid-col-image\" style=\"\"><a href=\"https:\/\/bulletin.agricool.info\/en\/bibendum-atvarius-velpharetra-oelturpis-nunc-oeget\/\" title=\"Towards contract farming in the rice sector\"><img fetchpriority=\"high\" decoding=\"async\" width=\"271\" height=\"186\" src=\"https:\/\/bulletin.agricool.info\/wp-content\/uploads\/2023\/01\/images-24.jpg\" class=\"img-responsive wp-post-image\" alt=\"images (24)\" srcset=\"https:\/\/bulletin.agricool.info\/wp-content\/uploads\/2023\/01\/images-24.jpg 271w, https:\/\/bulletin.agricool.info\/wp-content\/uploads\/2023\/01\/images-24-18x12.jpg 18w\" sizes=\"(max-width: 271px) 100vw, 271px\" \/><\/a><\/div><div class=\"obfx-grid-col-content\">\t\t\t<h2 class=\"entry-title obfx-grid-title\">\n\t\t\t\t\t\t\t<a href=\"https:\/\/bulletin.agricool.info\/en\/bibendum-atvarius-velpharetra-oelturpis-nunc-oeget\/\" title=\"Towards contract farming in the rice sector\">\n\t\t\t\t\tTowards contract farming in the rice sector\t\t\t\t<\/a>\n\t\t\t\t\t\t\t<\/h2>\n\t\t\t\t\t\t\t<div class=\"entry-meta obfx-grid-meta\">\n\n\t\t\t\t\t\t\t\t\t\t\t\t\t<span class=\"obfx-grid-author\">\n\t\t\t\t\t\t\t\t\t<i class=\"fas fa-user\"><\/i>fodesacko8@gmail.com\t\t\t\t\t\t\t\t<\/span>\n\t\t\t\t\t\t\t\t\t\t\t\t\t\t\t\t<span class=\"obfx-grid-date\">\n\t\t\t\t\t\t\t\t\t<i class=\"fas fa-calendar\"><\/i>January 23, 2023\t\t\t\t\t\t\t\t<\/span>\n\t\t\t\t\t\t\t\t\n\t\t\t\t<\/div>\n\t\t\t\t\t\t\t<div class=\"entry-content obfx-grid-content\">\n\t\t\t\tLe secteur rizicole au Mali, essentiel pour l\u2019\u00e9conomie et la s\u00e9curit\u00e9 alimentaire du pays, est confront\u00e9 \u00e0 de nombreux d\u00e9fis, notamment l\u2019ins\u00e9curit\u00e9 alimentaire, les changements climatiques et la lutte contre&hellip;\t\t\t<\/div>\n\t\t\t<\/div><\/article><\/div><div class=\"obfx-grid-wrapper\"><article class=\"obfx-grid-col\"><div class=\"obfx-grid-col-image\" style=\"\"><a href=\"https:\/\/bulletin.agricool.info\/en\/pomme-de-terre\/\" title=\"A national strategic plan for the potato sector in Mali\"><img decoding=\"async\" width=\"800\" height=\"800\" src=\"https:\/\/bulletin.agricool.info\/wp-content\/uploads\/2024\/10\/pomme-de-terre.png\" class=\"img-responsive wp-post-image\" alt=\"pomme-de-terre\" srcset=\"https:\/\/bulletin.agricool.info\/wp-content\/uploads\/2024\/10\/pomme-de-terre.png 800w, https:\/\/bulletin.agricool.info\/wp-content\/uploads\/2024\/10\/pomme-de-terre-300x300.png 300w, https:\/\/bulletin.agricool.info\/wp-content\/uploads\/2024\/10\/pomme-de-terre-150x150.png 150w, https:\/\/bulletin.agricool.info\/wp-content\/uploads\/2024\/10\/pomme-de-terre-768x768.png 768w, https:\/\/bulletin.agricool.info\/wp-content\/uploads\/2024\/10\/pomme-de-terre-12x12.png 12w\" sizes=\"(max-width: 800px) 100vw, 800px\" \/><\/a><\/div><div class=\"obfx-grid-col-content\">\t\t\t<h2 class=\"entry-title obfx-grid-title\">\n\t\t\t\t\t\t\t<a href=\"https:\/\/bulletin.agricool.info\/en\/pomme-de-terre\/\" title=\"A national strategic plan for the potato sector in Mali\">\n\t\t\t\t\tA national strategic plan for the potato sector in Mali\t\t\t\t<\/a>\n\t\t\t\t\t\t\t<\/h2>\n\t\t\t\t\t\t\t<div class=\"entry-meta obfx-grid-meta\">\n\n\t\t\t\t\t\t\t\t\t\t\t\t\t<span class=\"obfx-grid-author\">\n\t\t\t\t\t\t\t\t\t<i class=\"fas fa-user\"><\/i>fodesacko8@gmail.com\t\t\t\t\t\t\t\t<\/span>\n\t\t\t\t\t\t\t\t\t\t\t\t\t\t\t\t<span class=\"obfx-grid-date\">\n\t\t\t\t\t\t\t\t\t<i class=\"fas fa-calendar\"><\/i>October 15, 2024\t\t\t\t\t\t\t\t<\/span>\n\t\t\t\t\t\t\t\t\n\t\t\t\t<\/div>\n\t\t\t\t\t\t\t<div class=\"entry-content obfx-grid-content\">\n\t\t\t\tDepuis 2014, nous mettons en \u0153uvre des activit\u00e9s de d\u00e9veloppement des chaines de valeur mangue et pomme de terre\/maraichage au Mali. Nous agissons en particulier au niveaux meso et micro&hellip;\t\t\t<\/div>\n\t\t\t<\/div><\/article><\/div><div class=\"obfx-grid-wrapper\"><article class=\"obfx-grid-col\"><div class=\"obfx-grid-col-image\" style=\"\"><a href=\"https:\/\/bulletin.agricool.info\/en\/bulletin-mars\/\" title=\"Commercial processing of millet and sorghum in Mali\"><img decoding=\"async\" width=\"600\" height=\"381\" src=\"https:\/\/bulletin.agricool.info\/wp-content\/uploads\/2024\/10\/WhatsApp-Image-2023-06-30-at-7.59.49-AM-1-1024x768-1.jpeg\" class=\"img-responsive wp-post-image\" alt=\"WhatsApp-Image-2023-06-30-at-7.59.49-AM-1-1024&#215;768\" srcset=\"https:\/\/bulletin.agricool.info\/wp-content\/uploads\/2024\/10\/WhatsApp-Image-2023-06-30-at-7.59.49-AM-1-1024x768-1.jpeg 600w, https:\/\/bulletin.agricool.info\/wp-content\/uploads\/2024\/10\/WhatsApp-Image-2023-06-30-at-7.59.49-AM-1-1024x768-1-300x191.jpeg 300w, https:\/\/bulletin.agricool.info\/wp-content\/uploads\/2024\/10\/WhatsApp-Image-2023-06-30-at-7.59.49-AM-1-1024x768-1-18x12.jpeg 18w\" sizes=\"(max-width: 600px) 100vw, 600px\" \/><\/a><\/div><div class=\"obfx-grid-col-content\">\t\t\t<h2 class=\"entry-title obfx-grid-title\">\n\t\t\t\t\t\t\t<a href=\"https:\/\/bulletin.agricool.info\/en\/bulletin-mars\/\" title=\"Commercial processing of millet and sorghum in Mali\">\n\t\t\t\t\tCommercial processing of millet and sorghum in Mali\t\t\t\t<\/a>\n\t\t\t\t\t\t\t<\/h2>\n\t\t\t\t\t\t\t<div class=\"entry-meta obfx-grid-meta\">\n\n\t\t\t\t\t\t\t\t\t\t\t\t\t<span class=\"obfx-grid-author\">\n\t\t\t\t\t\t\t\t\t<i class=\"fas fa-user\"><\/i>fodesacko8@gmail.com\t\t\t\t\t\t\t\t<\/span>\n\t\t\t\t\t\t\t\t\t\t\t\t\t\t\t\t<span class=\"obfx-grid-date\">\n\t\t\t\t\t\t\t\t\t<i class=\"fas fa-calendar\"><\/i>April 15, 2023\t\t\t\t\t\t\t\t<\/span>\n\t\t\t\t\t\t\t\t\n\t\t\t\t<\/div>\n\t\t\t\t\t\t\t<div class=\"entry-content obfx-grid-content\">\n\t\t\t\tLe sorgho et le mil qui sont les principales cultures alimentaires au Sahel et dans les zones nord des pays c\u00f4tiers en Afrique de l\u2019Ouest, sont bien adapt\u00e9s aux conditions&hellip;\t\t\t<\/div>\n\t\t\t<\/div><\/article><\/div><div class=\"obfx-grid-wrapper\"><article class=\"obfx-grid-col\"><div class=\"obfx-grid-col-image\" style=\"\"><a href=\"https:\/\/bulletin.agricool.info\/en\/faucibus-ornare-quam-viverra-orci-sagittis-volutpat-odio\/\" title=\"Profil du secteur de cajou du Mali\"><img loading=\"lazy\" decoding=\"async\" width=\"750\" height=\"500\" src=\"https:\/\/bulletin.agricool.info\/wp-content\/uploads\/2021\/01\/image_750x500_621665678ed98.jpg\" class=\"img-responsive wp-post-image\" alt=\"image_750x500_621665678ed98\" srcset=\"https:\/\/bulletin.agricool.info\/wp-content\/uploads\/2021\/01\/image_750x500_621665678ed98.jpg 750w, https:\/\/bulletin.agricool.info\/wp-content\/uploads\/2021\/01\/image_750x500_621665678ed98-300x200.jpg 300w, https:\/\/bulletin.agricool.info\/wp-content\/uploads\/2021\/01\/image_750x500_621665678ed98-18x12.jpg 18w\" sizes=\"(max-width: 750px) 100vw, 750px\" \/><\/a><\/div><div class=\"obfx-grid-col-content\">\t\t\t<h2 class=\"entry-title obfx-grid-title\">\n\t\t\t\t\t\t\t<a href=\"https:\/\/bulletin.agricool.info\/en\/faucibus-ornare-quam-viverra-orci-sagittis-volutpat-odio\/\" title=\"Profil du secteur de cajou du Mali\">\n\t\t\t\t\tProfil du secteur de cajou du Mali\t\t\t\t<\/a>\n\t\t\t\t\t\t\t<\/h2>\n\t\t\t\t\t\t\t<div class=\"entry-meta obfx-grid-meta\">\n\n\t\t\t\t\t\t\t\t\t\t\t\t\t<span class=\"obfx-grid-author\">\n\t\t\t\t\t\t\t\t\t<i class=\"fas fa-user\"><\/i>fodesacko8@gmail.com\t\t\t\t\t\t\t\t<\/span>\n\t\t\t\t\t\t\t\t\t\t\t\t\t\t\t\t<span class=\"obfx-grid-date\">\n\t\t\t\t\t\t\t\t\t<i class=\"fas fa-calendar\"><\/i>January 23, 2021\t\t\t\t\t\t\t\t<\/span>\n\t\t\t\t\t\t\t\t\n\t\t\t\t<\/div>\n\t\t\t\t\t\t\t<div class=\"entry-content obfx-grid-content\">\n\t\t\t\tLe Mali a adh\u00e9r\u00e9 et sign\u00e9 la Convention constitutive du CICC le 29 septembre 2017 \u00e0 Abidjan, \u00e0 travers Monsieur Mohamed Aly AG IBRAHIM, Ministre du D\u00e9veloppement Rural. Des quatre&hellip;\t\t\t<\/div>\n\t\t\t<\/div><\/article><\/div><div class=\"obfx-grid-wrapper\"><article class=\"obfx-grid-col\"><div class=\"obfx-grid-col-image\" style=\"\"><a href=\"https:\/\/bulletin.agricool.info\/en\/listes\/\" title=\"the prospects of the tomato sector in Mali \u2013 Le Jalon\"><img loading=\"lazy\" decoding=\"async\" width=\"600\" height=\"381\" src=\"https:\/\/bulletin.agricool.info\/wp-content\/uploads\/2024\/10\/image.jpg\" class=\"img-responsive wp-post-image\" alt=\"image\" srcset=\"https:\/\/bulletin.agricool.info\/wp-content\/uploads\/2024\/10\/image.jpg 600w, https:\/\/bulletin.agricool.info\/wp-content\/uploads\/2024\/10\/image-300x191.jpg 300w, https:\/\/bulletin.agricool.info\/wp-content\/uploads\/2024\/10\/image-18x12.jpg 18w\" sizes=\"(max-width: 600px) 100vw, 600px\" \/><\/a><\/div><div class=\"obfx-grid-col-content\">\t\t\t<h2 class=\"entry-title obfx-grid-title\">\n\t\t\t\t\t\t\t<a href=\"https:\/\/bulletin.agricool.info\/en\/listes\/\" title=\"the prospects of the tomato sector in Mali \u2013 Le Jalon\">\n\t\t\t\t\tthe prospects of the tomato sector in Mali \u2013 Le Jalon\t\t\t\t<\/a>\n\t\t\t\t\t\t\t<\/h2>\n\t\t\t\t\t\t\t<div class=\"entry-meta obfx-grid-meta\">\n\n\t\t\t\t\t\t\t\t\t\t\t\t\t<span class=\"obfx-grid-author\">\n\t\t\t\t\t\t\t\t\t<i class=\"fas fa-user\"><\/i>fodesacko8@gmail.com\t\t\t\t\t\t\t\t<\/span>\n\t\t\t\t\t\t\t\t\t\t\t\t\t\t\t\t<span class=\"obfx-grid-date\">\n\t\t\t\t\t\t\t\t\t<i class=\"fas fa-calendar\"><\/i>January 16, 2024\t\t\t\t\t\t\t\t<\/span>\n\t\t\t\t\t\t\t\t\n\t\t\t\t<\/div>\n\t\t\t\t\t\t\t<div class=\"entry-content obfx-grid-content\">\n\t\t\t\tLes cultures horticoles au Mali sont pratiqu\u00e9es partout o\u00f9 l&rsquo;eau est disponible. Cependant, il existe unesp\u00e9cialisation assez marqu\u00e9e des grandes zones de production (Haggblade, 2014). Pour la tomate, il n&rsquo;existe&hellip;\t\t\t<\/div>\n\t\t\t<\/div><\/article><\/div><div class=\"obfx-grid-wrapper\"><article class=\"obfx-grid-col\"><div class=\"obfx-grid-col-image\" style=\"\"><a href=\"https:\/\/bulletin.agricool.info\/en\/bulletin-septembre\/\" title=\"Cotton: weaving a better future\"><img loading=\"lazy\" decoding=\"async\" width=\"260\" height=\"194\" src=\"https:\/\/bulletin.agricool.info\/wp-content\/uploads\/2024\/02\/coton.jpg\" class=\"img-responsive wp-post-image\" alt=\"coton\" srcset=\"https:\/\/bulletin.agricool.info\/wp-content\/uploads\/2024\/02\/coton.jpg 260w, https:\/\/bulletin.agricool.info\/wp-content\/uploads\/2024\/02\/coton-16x12.jpg 16w\" sizes=\"(max-width: 260px) 100vw, 260px\" \/><\/a><\/div><div class=\"obfx-grid-col-content\">\t\t\t<h2 class=\"entry-title obfx-grid-title\">\n\t\t\t\t\t\t\t<a href=\"https:\/\/bulletin.agricool.info\/en\/bulletin-septembre\/\" title=\"Cotton: weaving a better future\">\n\t\t\t\t\tCotton: weaving a better future\t\t\t\t<\/a>\n\t\t\t\t\t\t\t<\/h2>\n\t\t\t\t\t\t\t<div class=\"entry-meta obfx-grid-meta\">\n\n\t\t\t\t\t\t\t\t\t\t\t\t\t<span class=\"obfx-grid-author\">\n\t\t\t\t\t\t\t\t\t<i class=\"fas fa-user\"><\/i>fodesacko8@gmail.com\t\t\t\t\t\t\t\t<\/span>\n\t\t\t\t\t\t\t\t\t\t\t\t\t\t\t\t<span class=\"obfx-grid-date\">\n\t\t\t\t\t\t\t\t\t<i class=\"fas fa-calendar\"><\/i>February 16, 2024\t\t\t\t\t\t\t\t<\/span>\n\t\t\t\t\t\t\t\t\n\t\t\t\t<\/div>\n\t\t\t\t\t\t\t<div class=\"entry-content obfx-grid-content\">\n\t\t\t\tLe secteur cotonnier contribue grandement aux \u00e9conomies de nombreux pays \u00e0 faible revenu. Il repr\u00e9sente une source importante d\u2019emplois et de moyens de subsistance. On estime que le coton fait&hellip;\t\t\t<\/div>\n\t\t\t<\/div><\/article><\/div>\t\t\t\t<div class=\"obfx-grid-pagination\">\n\t\t\t\t\t\t\t\t\t\t<nav class=\"pagination\">\n\t\t\t\t\t\t<span aria-current=\"page\" class=\"page-numbers current\">1<\/span>\n<a class=\"page-numbers\" href=\"https:\/\/bulletin.agricool.info\/en\/wp-json\/wp\/v2\/pages\/823\/page\/2\/\">2<\/a>\n<a class=\"next page-numbers\" href=\"https:\/\/bulletin.agricool.info\/en\/wp-json\/wp\/v2\/pages\/823\/page\/2\/\">Next<\/a>\t\t\t\t\t<\/nav>\n\t\t\t\t<\/div>\n\t\t\t\t<\/div><!-- .obfx-grid-container --><\/div><!-- .obfx-grid -->\t\t\t\t<\/div>\n\t\t\t\t<\/div>\n\t\t\t\t\t<\/div>\n\t\t<\/div>\n\t\t\t\t<div class=\"elementor-column elementor-col-50 elementor-top-column elementor-element elementor-element-861d56f\" data-id=\"861d56f\" data-element_type=\"column\" data-e-type=\"column\">\n\t\t\t<div class=\"elementor-widget-wrap elementor-element-populated\">\n\t\t\t\t\t\t<div class=\"elementor-element elementor-element-2a4f319 elementor-widget elementor-widget-sidebar\" data-id=\"2a4f319\" data-element_type=\"widget\" data-e-type=\"widget\" data-widget_type=\"sidebar.default\">\n\t\t\t\t<div class=\"elementor-widget-container\">\n\t\t\t\t\t<div id=\"block-1\" class=\"widget widget_block widget_search\"><form role=\"search\" method=\"get\" action=\"https:\/\/bulletin.agricool.info\/en\/\" class=\"wp-block-search__button-outside wp-block-search__text-button wp-block-search\" data-trp-original-action=\"https:\/\/bulletin.agricool.info\/en\/\"    ><label class=\"wp-block-search__label\" for=\"wp-block-search__input-1\" >Search<\/label><div class=\"wp-block-search__inside-wrapper\" ><input class=\"wp-block-search__input\" id=\"wp-block-search__input-1\" placeholder=\"\" value=\"\" type=\"search\" name=\"s\" required \/><button aria-label=\"Search\" class=\"wp-block-search__button wp-element-button\" type=\"submit\" >Search<\/button><\/div><input type=\"hidden\" name=\"trp-form-language\" value=\"en\"\/><\/form><\/div><div id=\"block-12\" class=\"widget widget_block\"><div class=\"wp-block-group\"><div class=\"wp-block-group__inner-container is-layout-flow wp-block-group-is-layout-flow\"><h5 class=\"wp-block-heading\">Recent Posts<\/h5><ul class=\"wp-block-latest-posts__list wp-block-latest-posts\"><li><a class=\"wp-block-latest-posts__post-title\" href=\"https:\/\/bulletin.agricool.info\/en\/pomme-de-terre\/\">A national strategic plan for the potato sector in Mali<\/a><\/li>\n<li><a class=\"wp-block-latest-posts__post-title\" href=\"https:\/\/bulletin.agricool.info\/en\/chaine-de-valeur-farine\/\">Rice value chain in Mali \u2013 Prospective analysis<\/a><\/li>\n<li><a class=\"wp-block-latest-posts__post-title\" href=\"https:\/\/bulletin.agricool.info\/en\/bulletin-octobre\/\">In\u00a0Mali, the development of\u00a0shea butter value chains\u2026\u00a0<\/a><\/li>\n<li><a class=\"wp-block-latest-posts__post-title\" href=\"https:\/\/bulletin.agricool.info\/en\/bulletin-septembre\/\">Cotton: weaving a better future<\/a><\/li>\n<li><a class=\"wp-block-latest-posts__post-title\" href=\"https:\/\/bulletin.agricool.info\/en\/listes\/\">the prospects of the tomato sector in Mali \u2013 Le Jalon<\/a><\/li>\n<\/ul><\/div><\/div><\/div><div id=\"block-14\" class=\"widget widget_block\">\n<div class=\"wp-block-group\"><div class=\"wp-block-group__inner-container is-layout-flow wp-block-group-is-layout-flow\">\n<h5 class=\"wp-block-heading\">Archives<\/h5>\n\n\n<ul class=\"wp-block-archives-list wp-block-archives\">\t<li><a href='https:\/\/bulletin.agricool.info\/en\/2024\/'>2024<\/a><\/li>\n\t<li><a href='https:\/\/bulletin.agricool.info\/en\/2023\/'>2023<\/a><\/li>\n\t<li><a href='https:\/\/bulletin.agricool.info\/en\/2022\/'>2022<\/a><\/li>\n\t<li><a href='https:\/\/bulletin.agricool.info\/en\/2021\/'>2021<\/a><\/li>\n<\/ul><\/div><\/div>\n<\/div><div id=\"block-15\" class=\"widget widget_block\">\n<div class=\"wp-block-group\"><div class=\"wp-block-group__inner-container is-layout-flow wp-block-group-is-layout-flow\">\n<h4 class=\"wp-block-heading\">Category<\/h4>\n<\/div><\/div>\n<\/div><div id=\"block-16\" class=\"widget widget_block\">\n<div class=\"wp-block-group\"><div class=\"wp-block-group__inner-container is-layout-constrained wp-block-group-is-layout-constrained\"><ul class=\"wp-block-categories-list wp-block-categories\">\t<li class=\"cat-item cat-item-16\"><a href=\"https:\/\/bulletin.agricool.info\/en\/category\/anacarde\/\">Cashew value chain<\/a>\n<\/li>\n\t<li class=\"cat-item cat-item-15\"><a href=\"https:\/\/bulletin.agricool.info\/en\/category\/beurre_karite\/\">Shea butter value chain<\/a>\n<\/li>\n\t<li class=\"cat-item cat-item-6\"><a href=\"https:\/\/bulletin.agricool.info\/en\/category\/coton\/\">Cotton value chain<\/a>\n<\/li>\n\t<li class=\"cat-item cat-item-14\"><a href=\"https:\/\/bulletin.agricool.info\/en\/category\/mais\/\">Chaine de valeur Ma\u00efs<\/a>\n<\/li>\n\t<li class=\"cat-item cat-item-4\"><a href=\"https:\/\/bulletin.agricool.info\/en\/category\/mil\/\">Millet value chain<\/a>\n<\/li>\n\t<li class=\"cat-item cat-item-12\"><a href=\"https:\/\/bulletin.agricool.info\/en\/category\/pomme_de_terre\/\">Potato value chain<\/a>\n<\/li>\n\t<li class=\"cat-item cat-item-10\"><a href=\"https:\/\/bulletin.agricool.info\/en\/category\/riz\/\">Rice value chain<\/a>\n<\/li>\n\t<li class=\"cat-item cat-item-5\"><a href=\"https:\/\/bulletin.agricool.info\/en\/category\/sorgho\/\">Sorghum value chain<\/a>\n<\/li>\n\t<li class=\"cat-item cat-item-11\"><a href=\"https:\/\/bulletin.agricool.info\/en\/category\/tomate\/\">Tomato value chain<\/a>\n<\/li>\n<\/ul><\/div><\/div>\n<\/div>\t\t\t\t<\/div>\n\t\t\t\t<\/div>\n\t\t\t\t\t<\/div>\n\t\t<\/div>\n\t\t\t\t\t<\/div>\n\t\t<\/section>\n\t\t\t\t<\/div>","protected":false},"excerpt":{"rendered":"<p>Vers une agriculture contractuelle dans le secteur rizicole fodesacko8@gmail.com janvier 23, 2023 Le secteur rizicole au Mali, essentiel pour l\u2019\u00e9conomie et la s\u00e9curit\u00e9 alimentaire du pays, est confront\u00e9 \u00e0 de nombreux d\u00e9fis, notamment l\u2019ins\u00e9curit\u00e9 alimentaire, les changements climatiques et la lutte contre\u2026 Un plan strat\u00e9gique national pour la fili\u00e8re pomme de terre au Mali fodesacko8@gmail.com&hellip;&nbsp;<a href=\"https:\/\/bulletin.agricool.info\/en\/bulletin-septembre\/\" class=\"\" rel=\"bookmark\">Read More &raquo;<span class=\"screen-reader-text\">Cotton: weaving a better future<\/span><\/a><\/p>","protected":false},"author":1,"featured_media":0,"parent":0,"menu_order":0,"comment_status":"closed","ping_status":"closed","template":"","meta":{"_uag_custom_page_level_css":"","neve_meta_sidebar":"","neve_meta_container":"","neve_meta_enable_content_width":"","neve_meta_content_width":0,"neve_meta_title_alignment":"","neve_meta_author_avatar":"","neve_post_elements_order":"","neve_meta_disable_header":"","neve_meta_disable_footer":"","neve_meta_disable_title":"","_themeisle_gutenberg_block_has_review":false,"footnotes":""},"class_list":["post-823","page","type-page","status-publish","hentry"],"aioseo_notices":[],"uagb_featured_image_src":{"full":false,"thumbnail":false,"medium":false,"medium_large":false,"large":false,"1536x1536":false,"2048x2048":false,"trp-custom-language-flag":false,"htliser_size_396x360":false,"htslider_size_1170x536":false,"neve-blog":false},"uagb_author_info":{"display_name":"fodesacko8@gmail.com","author_link":"https:\/\/bulletin.agricool.info\/en\/author\/fodesacko8gmail-com\/"},"uagb_comment_info":0,"uagb_excerpt":"Vers une agriculture contractuelle dans le secteur rizicole fodesacko8@gmail.com janvier 23, 2023 Le secteur rizicole au Mali, essentiel pour l\u2019\u00e9conomie et la s\u00e9curit\u00e9 alimentaire du pays, est confront\u00e9 \u00e0 de nombreux d\u00e9fis, notamment l\u2019ins\u00e9curit\u00e9 alimentaire, les changements climatiques et la lutte contre\u2026 Un plan strat\u00e9gique national pour la fili\u00e8re pomme de terre au Mali fodesacko8@gmail.com&hellip;&nbsp;Read&hellip;","rttpg_featured_image_url":null,"rttpg_author":{"display_name":"fodesacko8@gmail.com","author_link":"https:\/\/bulletin.agricool.info\/en\/author\/fodesacko8gmail-com\/"},"rttpg_comment":0,"rttpg_category":"","rttpg_excerpt":"Vers une agriculture contractuelle dans le secteur rizicole fodesacko8@gmail.com janvier 23, 2023 Le secteur rizicole au Mali, essentiel pour l\u2019\u00e9conomie et la s\u00e9curit\u00e9 alimentaire du pays, est confront\u00e9 \u00e0 de nombreux d\u00e9fis, notamment l\u2019ins\u00e9curit\u00e9 alimentaire, les changements climatiques et la lutte contre\u2026 Un plan strat\u00e9gique national pour la fili\u00e8re pomme de terre au Mali fodesacko8@gmail.com&hellip;&nbsp;Read&hellip;","_links":{"self":[{"href":"https:\/\/bulletin.agricool.info\/en\/wp-json\/wp\/v2\/pages\/823"}],"collection":[{"href":"https:\/\/bulletin.agricool.info\/en\/wp-json\/wp\/v2\/pages"}],"about":[{"href":"https:\/\/bulletin.agricool.info\/en\/wp-json\/wp\/v2\/types\/page"}],"author":[{"embeddable":true,"href":"https:\/\/bulletin.agricool.info\/en\/wp-json\/wp\/v2\/users\/1"}],"replies":[{"embeddable":true,"href":"https:\/\/bulletin.agricool.info\/en\/wp-json\/wp\/v2\/comments?post=823"}],"version-history":[{"count":17,"href":"https:\/\/bulletin.agricool.info\/en\/wp-json\/wp\/v2\/pages\/823\/revisions"}],"predecessor-version":[{"id":1018,"href":"https:\/\/bulletin.agricool.info\/en\/wp-json\/wp\/v2\/pages\/823\/revisions\/1018"}],"wp:attachment":[{"href":"https:\/\/bulletin.agricool.info\/en\/wp-json\/wp\/v2\/media?parent=823"}],"curies":[{"name":"wp","href":"https:\/\/api.w.org\/{rel}","templated":true}]}}